{"id":3698,"date":"2024-05-27T05:06:14","date_gmt":"2024-05-27T05:06:14","guid":{"rendered":"https:\/\/www.shackletons.ie\/create-your-website-with-blocks\/"},"modified":"2026-02-27T08:44:50","modified_gmt":"2026-02-27T08:44:50","slug":"create-your-website-with-blocks","status":"publish","type":"page","link":"https:\/\/www.shackletons.ie\/de\/","title":{"rendered":"Startseite"},"content":{"rendered":"<p>&nbsp;<\/p>\r\n&#13;\r\n<h2 class=\"alignwide has-text-align-wide has-gigantic-font-size wp-block-heading\" style=\"line-height: 1.1;\">Erstellen Sie Ihre Website mit Bl\u00f6cken<\/h2>&#13;\r\n\r\n<div class=\"wp-block-spacer\" style=\"height: 100px;\" aria-hidden=\"true\">\u00a0<\/div>\r\n\r\n<div class=\"wp-block-columns alignwide are-vertically-aligned-center is-style-twentytwentyone-columns-overlap is-layout-flex wp-container-core-columns-is-layout-9d6595d7 wp-block-columns-is-layout-flex\">\r\n<div class=\"wp-block-column is-vertically-aligned-center is-layout-flow wp-block-column-is-layout-flow\">&#13;\r\n<figure class=\"wp-block-image alignfull size-large\"><img decoding=\"async\" src=\"https:\/\/www.shackletons.ie\/wp-content\/themes\/bcell\/assets\/images\/roses-tremieres-hollyhocks-1884.jpg\" alt=\"&#x201E;Roses Tr&#xE9;mi&#xE8;res&#x201C; von Berthe Morisot\"\/><\/figure>&#13;\r\n\r\n\r\n\r\n<div class=\"wp-block-spacer\" style=\"height: 100px;\" aria-hidden=\"true\">\u00a0<\/div>\r\n\r\n\r\n&#13;\r\n<figure class=\"wp-block-image alignfull size-large is-style-twentytwentyone-image-frame\"><img decoding=\"async\" src=\"https:\/\/www.shackletons.ie\/wp-content\/themes\/bcell\/assets\/images\/in-the-bois-de-boulogne.jpg\" alt=\"&#x201E;Im Bois de Boulogne&#x201C; von Berthe Morisot\"\/><\/figure>&#13;\r\n<\/div>\r\n\r\n\r\n\r\n<div class=\"wp-block-column is-vertically-aligned-center is-layout-flow wp-block-column-is-layout-flow\">\r\n<div class=\"wp-block-spacer\" style=\"height: 100px;\" aria-hidden=\"true\">\u00a0<\/div>\r\n\r\n\r\n&#13;\r\n<figure class=\"wp-block-image size-large alignfull size-full is-style-twentytwentyone-border\"><img decoding=\"async\" src=\"https:\/\/www.shackletons.ie\/wp-content\/themes\/bcell\/assets\/images\/young-woman-in-mauve.jpg\" alt=\"&#x201E;Junge Frau in Mauve&#x201C; von Berthe Morisot\"\/><\/figure>&#13;\r\n<\/div>\r\n<\/div>\r\n\r\n<div class=\"wp-block-spacer\" style=\"height: 50px;\" aria-hidden=\"true\">\u00a0<\/div>\r\n\r\n<div class=\"wp-block-columns alignwide are-vertically-aligned-top is-layout-flex wp-container-core-columns-is-layout-9d6595d7 wp-block-columns-is-layout-flex\">\r\n<div class=\"wp-block-column is-vertically-aligned-top is-layout-flow wp-block-column-is-layout-flow\">&#13;\r\n<h3 class=\"wp-block-heading\">Blockmuster hinzuf\u00fcgen<\/h3>&#13;\r\n\r\n\r\n&#13;\r\n<p>Blockmuster sind vorgefertigte Gruppen von Bl\u00f6cken. Um eines hinzuzuf\u00fcgen, w\u00e4hlen Sie in der Werkzeugleiste oben im Editor die Schaltfl\u00e4che \u201eBlock hinzuf\u00fcgen\u201c [+] aus. Wechseln Sie zum Tab \u201eMuster\u201c unterhalb der Suchleiste und w\u00e4hlen Sie ein Muster aus.<\/p>&#13;\r\n<\/div>\r\n\r\n\r\n\r\n<div class=\"wp-block-column is-vertically-aligned-top is-layout-flow wp-block-column-is-layout-flow\">&#13;\r\n<h3 class=\"wp-block-heading\">Rahmen Sie Ihre Bilder ein<\/h3>&#13;\r\n\r\n\r\n&#13;\r\n<p>Twenty Twenty-One enth\u00e4lt stilvolle Rahmen f\u00fcr Ihre Inhalte. Wenn ein Bild-Block ausgew\u00e4hlt ist, \u00f6ffnen Sie in der Editor-Seitenleiste das Panel \u201eStile\u201c. W\u00e4hlen Sie den Blockstil \u201eRahmen\u201c, um ihn zu aktivieren.<\/p>&#13;\r\n<\/div>\r\n\r\n\r\n\r\n<div class=\"wp-block-column is-vertically-aligned-top is-layout-flow wp-block-column-is-layout-flow\">&#13;\r\n<h3 class=\"wp-block-heading\">Spalten \u00fcberlappen<\/h3>&#13;\r\n\r\n\r\n&#13;\r\n<p>Twenty Twenty-One enth\u00e4lt au\u00dferdem einen \u00dcberlappungsstil f\u00fcr Spalten-Bl\u00f6cke. Wenn ein Spalten-Block ausgew\u00e4hlt ist, \u00f6ffnen Sie in der Editor-Seitenleiste das Panel \u201eStile\u201c. W\u00e4hlen Sie den Blockstil \u201e\u00dcberlappen\u201c, um ihn auszuprobieren.<\/p>&#13;\r\n<\/div>\r\n<\/div>\r\n\r\n<div class=\"wp-block-spacer\" style=\"height: 100px;\" aria-hidden=\"true\">\u00a0<\/div>\r\n\r\n<div class=\"wp-block-cover alignwide has-green-background-color has-background-dim is-style-twentytwentyone-border\">\r\n<div class=\"wp-block-cover__inner-container is-layout-flow wp-block-cover-is-layout-flow\">\r\n<div class=\"wp-block-spacer\" style=\"height: 20px;\" aria-hidden=\"true\">\u00a0<\/div>\r\n\r\n\r\n&#13;\r\n<p class=\"has-huge-font-size\">Ben\u00f6tigen Sie Hilfe?<\/p>&#13;\r\n\r\n\r\n\r\n<div class=\"wp-block-spacer\" style=\"height: 75px;\" aria-hidden=\"true\">\u00a0<\/div>\r\n\r\n\r\n\r\n<div class=\"wp-block-columns is-layout-flex wp-container-core-columns-is-layout-9d6595d7 wp-block-columns-is-layout-flex\">\r\n<div class=\"wp-block-column is-layout-flow wp-block-column-is-layout-flow\">&#13;\r\n<p><a href=\"https:\/\/wordpress.org\/support\/article\/twenty-twenty-one\/\">Lesen Sie die Theme-Dokumentation<\/a><\/p>&#13;\r\n<\/div>\r\n\r\n\r\n\r\n<div class=\"wp-block-column is-layout-flow wp-block-column-is-layout-flow\">&#13;\r\n<p><a href=\"https:\/\/wordpress.org\/support\/theme\/twentytwentyone\/\">Schauen Sie in den Support-Foren vorbei<\/a><\/p>&#13;\r\n<\/div>\r\n<\/div>\r\n\r\n\r\n\r\n<div class=\"wp-block-spacer\" style=\"height: 20px;\" aria-hidden=\"true\">\u00a0<\/div>\r\n<\/div>\r\n<\/div>\r\n","protected":false},"excerpt":{"rendered":"<p>&nbsp; &#13; Erstellen Sie Ihre Website mit Bl\u00f6cken &#13; &#13; Blockmuster hinzuf\u00fcgen &#13; &#13; Blockmuster sind vorgefertigte Gruppen von Bl\u00f6cken. Um eines hinzuzuf\u00fcgen, w\u00e4hlen Sie in der Werkzeugleiste oben im Editor die Schaltfl\u00e4che \u201eBlock hinzuf\u00fcgen\u201c [+] aus. Wechseln Sie zum Tab \u201eMuster\u201c unterhalb der Suchleiste und w\u00e4hlen Sie ein Muster aus. &#13; &#13; Rahmen Sie&hellip; <a class=\"more-link\" href=\"https:\/\/www.shackletons.ie\/de\/\">Continue reading <span class=\"screen-reader-text\">Startseite<\/span><\/a><\/p>\n","protected":false},"author":1,"featured_media":0,"parent":0,"menu_order":0,"comment_status":"closed","ping_status":"closed","template":"","meta":{"_acf_changed":false,"inline_featured_image":false,"footnotes":""},"class_list":["post-3698","page","type-page","status-publish","hentry","entry"],"acf":[],"yoast_head":"<!-- This site is optimized with the Yoast SEO plugin v27.3 - https:\/\/yoast.com\/product\/yoast-seo-wordpress\/ -->\n<title>Startseite - Shackletons<\/title>\n<meta name=\"robots\" content=\"index, follow, max-snippet:-1, max-image-preview:large, max-video-preview:-1\" \/>\n<link rel=\"canonical\" href=\"https:\/\/www.shackletons.ie\/de\/\" \/>\n<meta property=\"og:locale\" content=\"de_DE\" \/>\n<meta property=\"og:type\" content=\"article\" \/>\n<meta property=\"og:title\" content=\"Startseite - Shackletons\" \/>\n<meta property=\"og:description\" content=\"&nbsp; &#013; Erstellen Sie Ihre Website mit Bl\u00f6cken &#013; &#013; Blockmuster hinzuf\u00fcgen &#013; &#013; Blockmuster sind vorgefertigte Gruppen von Bl\u00f6cken. Um eines hinzuzuf\u00fcgen, w\u00e4hlen Sie in der Werkzeugleiste oben im Editor die Schaltfl\u00e4che \u201eBlock hinzuf\u00fcgen\u201c [+] aus. Wechseln Sie zum Tab \u201eMuster\u201c unterhalb der Suchleiste und w\u00e4hlen Sie ein Muster aus. &#013; &#013; Rahmen Sie&hellip; Continue reading Startseite\" \/>\n<meta property=\"og:url\" content=\"https:\/\/www.shackletons.ie\/de\/\" \/>\n<meta property=\"og:site_name\" content=\"Shackletons\" \/>\n<meta property=\"article:modified_time\" content=\"2026-02-27T08:44:50+00:00\" \/>\n<meta property=\"og:image\" content=\"https:\/\/www.shackletons.ie\/wp-content\/themes\/bcell\/assets\/images\/roses-tremieres-hollyhocks-1884.jpg\" \/>\n<meta name=\"twitter:card\" content=\"summary_large_image\" \/>\n<meta name=\"twitter:label1\" content=\"Gesch\u00e4tzte Lesezeit\" \/>\n\t<meta name=\"twitter:data1\" content=\"2\u00a0Minuten\" \/>\n<script type=\"application\/ld+json\" class=\"yoast-schema-graph\">{\"@context\":\"https:\\\/\\\/schema.org\",\"@graph\":[{\"@type\":\"WebPage\",\"@id\":\"https:\\\/\\\/www.shackletons.ie\\\/de\\\/\",\"url\":\"https:\\\/\\\/www.shackletons.ie\\\/de\\\/\",\"name\":\"Startseite - Shackletons\",\"isPartOf\":{\"@id\":\"https:\\\/\\\/www.shackletons.ie\\\/de\\\/#website\"},\"primaryImageOfPage\":{\"@id\":\"https:\\\/\\\/www.shackletons.ie\\\/de\\\/#primaryimage\"},\"image\":{\"@id\":\"https:\\\/\\\/www.shackletons.ie\\\/de\\\/#primaryimage\"},\"thumbnailUrl\":\"https:\\\/\\\/www.shackletons.ie\\\/wp-content\\\/themes\\\/bcell\\\/assets\\\/images\\\/roses-tremieres-hollyhocks-1884.jpg\",\"datePublished\":\"2024-05-27T05:06:14+00:00\",\"dateModified\":\"2026-02-27T08:44:50+00:00\",\"breadcrumb\":{\"@id\":\"https:\\\/\\\/www.shackletons.ie\\\/de\\\/#breadcrumb\"},\"inLanguage\":\"de\",\"potentialAction\":[{\"@type\":\"ReadAction\",\"target\":[\"https:\\\/\\\/www.shackletons.ie\\\/de\\\/\"]}]},{\"@type\":\"ImageObject\",\"inLanguage\":\"de\",\"@id\":\"https:\\\/\\\/www.shackletons.ie\\\/de\\\/#primaryimage\",\"url\":\"https:\\\/\\\/www.shackletons.ie\\\/wp-content\\\/themes\\\/bcell\\\/assets\\\/images\\\/roses-tremieres-hollyhocks-1884.jpg\",\"contentUrl\":\"https:\\\/\\\/www.shackletons.ie\\\/wp-content\\\/themes\\\/bcell\\\/assets\\\/images\\\/roses-tremieres-hollyhocks-1884.jpg\"},{\"@type\":\"BreadcrumbList\",\"@id\":\"https:\\\/\\\/www.shackletons.ie\\\/de\\\/#breadcrumb\",\"itemListElement\":[{\"@type\":\"ListItem\",\"position\":1,\"name\":\"Home\",\"item\":\"https:\\\/\\\/www.shackletons.ie\\\/de\\\/\"},{\"@type\":\"ListItem\",\"position\":2,\"name\":\"Startseite\"}]},{\"@type\":\"WebSite\",\"@id\":\"https:\\\/\\\/www.shackletons.ie\\\/de\\\/#website\",\"url\":\"https:\\\/\\\/www.shackletons.ie\\\/de\\\/\",\"name\":\"Shackletons\",\"description\":\"\",\"publisher\":{\"@id\":\"https:\\\/\\\/www.shackletons.ie\\\/de\\\/#organization\"},\"potentialAction\":[{\"@type\":\"SearchAction\",\"target\":{\"@type\":\"EntryPoint\",\"urlTemplate\":\"https:\\\/\\\/www.shackletons.ie\\\/de\\\/?s={search_term_string}\"},\"query-input\":{\"@type\":\"PropertyValueSpecification\",\"valueRequired\":true,\"valueName\":\"search_term_string\"}}],\"inLanguage\":\"de\"},{\"@type\":\"Organization\",\"@id\":\"https:\\\/\\\/www.shackletons.ie\\\/de\\\/#organization\",\"name\":\"Shackletons\",\"url\":\"https:\\\/\\\/www.shackletons.ie\\\/de\\\/\",\"logo\":{\"@type\":\"ImageObject\",\"inLanguage\":\"de\",\"@id\":\"https:\\\/\\\/www.shackletons.ie\\\/de\\\/#\\\/schema\\\/logo\\\/image\\\/\",\"url\":\"https:\\\/\\\/www.shackletons.ie\\\/wp-content\\\/uploads\\\/2025\\\/04\\\/header_Logo.svg\",\"contentUrl\":\"https:\\\/\\\/www.shackletons.ie\\\/wp-content\\\/uploads\\\/2025\\\/04\\\/header_Logo.svg\",\"width\":272,\"height\":78,\"caption\":\"Shackletons\"},\"image\":{\"@id\":\"https:\\\/\\\/www.shackletons.ie\\\/de\\\/#\\\/schema\\\/logo\\\/image\\\/\"}}]}<\/script>\n<!-- \/ Yoast SEO plugin. -->","yoast_head_json":{"title":"Startseite - Shackletons","robots":{"index":"index","follow":"follow","max-snippet":"max-snippet:-1","max-image-preview":"max-image-preview:large","max-video-preview":"max-video-preview:-1"},"canonical":"https:\/\/www.shackletons.ie\/de\/","og_locale":"de_DE","og_type":"article","og_title":"Startseite - Shackletons","og_description":"&nbsp; &#13; Erstellen Sie Ihre Website mit Bl\u00f6cken &#13; &#13; Blockmuster hinzuf\u00fcgen &#13; &#13; Blockmuster sind vorgefertigte Gruppen von Bl\u00f6cken. Um eines hinzuzuf\u00fcgen, w\u00e4hlen Sie in der Werkzeugleiste oben im Editor die Schaltfl\u00e4che \u201eBlock hinzuf\u00fcgen\u201c [+] aus. Wechseln Sie zum Tab \u201eMuster\u201c unterhalb der Suchleiste und w\u00e4hlen Sie ein Muster aus. &#13; &#13; Rahmen Sie&hellip; Continue reading Startseite","og_url":"https:\/\/www.shackletons.ie\/de\/","og_site_name":"Shackletons","article_modified_time":"2026-02-27T08:44:50+00:00","og_image":[{"url":"https:\/\/www.shackletons.ie\/wp-content\/themes\/bcell\/assets\/images\/roses-tremieres-hollyhocks-1884.jpg","type":"","width":"","height":""}],"twitter_card":"summary_large_image","twitter_misc":{"Gesch\u00e4tzte Lesezeit":"2\u00a0Minuten"},"schema":{"@context":"https:\/\/schema.org","@graph":[{"@type":"WebPage","@id":"https:\/\/www.shackletons.ie\/de\/","url":"https:\/\/www.shackletons.ie\/de\/","name":"Startseite - Shackletons","isPartOf":{"@id":"https:\/\/www.shackletons.ie\/de\/#website"},"primaryImageOfPage":{"@id":"https:\/\/www.shackletons.ie\/de\/#primaryimage"},"image":{"@id":"https:\/\/www.shackletons.ie\/de\/#primaryimage"},"thumbnailUrl":"https:\/\/www.shackletons.ie\/wp-content\/themes\/bcell\/assets\/images\/roses-tremieres-hollyhocks-1884.jpg","datePublished":"2024-05-27T05:06:14+00:00","dateModified":"2026-02-27T08:44:50+00:00","breadcrumb":{"@id":"https:\/\/www.shackletons.ie\/de\/#breadcrumb"},"inLanguage":"de","potentialAction":[{"@type":"ReadAction","target":["https:\/\/www.shackletons.ie\/de\/"]}]},{"@type":"ImageObject","inLanguage":"de","@id":"https:\/\/www.shackletons.ie\/de\/#primaryimage","url":"https:\/\/www.shackletons.ie\/wp-content\/themes\/bcell\/assets\/images\/roses-tremieres-hollyhocks-1884.jpg","contentUrl":"https:\/\/www.shackletons.ie\/wp-content\/themes\/bcell\/assets\/images\/roses-tremieres-hollyhocks-1884.jpg"},{"@type":"BreadcrumbList","@id":"https:\/\/www.shackletons.ie\/de\/#breadcrumb","itemListElement":[{"@type":"ListItem","position":1,"name":"Home","item":"https:\/\/www.shackletons.ie\/de\/"},{"@type":"ListItem","position":2,"name":"Startseite"}]},{"@type":"WebSite","@id":"https:\/\/www.shackletons.ie\/de\/#website","url":"https:\/\/www.shackletons.ie\/de\/","name":"Shackletons","description":"","publisher":{"@id":"https:\/\/www.shackletons.ie\/de\/#organization"},"potentialAction":[{"@type":"SearchAction","target":{"@type":"EntryPoint","urlTemplate":"https:\/\/www.shackletons.ie\/de\/?s={search_term_string}"},"query-input":{"@type":"PropertyValueSpecification","valueRequired":true,"valueName":"search_term_string"}}],"inLanguage":"de"},{"@type":"Organization","@id":"https:\/\/www.shackletons.ie\/de\/#organization","name":"Shackletons","url":"https:\/\/www.shackletons.ie\/de\/","logo":{"@type":"ImageObject","inLanguage":"de","@id":"https:\/\/www.shackletons.ie\/de\/#\/schema\/logo\/image\/","url":"https:\/\/www.shackletons.ie\/wp-content\/uploads\/2025\/04\/header_Logo.svg","contentUrl":"https:\/\/www.shackletons.ie\/wp-content\/uploads\/2025\/04\/header_Logo.svg","width":272,"height":78,"caption":"Shackletons"},"image":{"@id":"https:\/\/www.shackletons.ie\/de\/#\/schema\/logo\/image\/"}}]}},"_links":{"self":[{"href":"https:\/\/www.shackletons.ie\/de\/wp-json\/wp\/v2\/pages\/3698","targetHints":{"allow":["GET"]}}],"collection":[{"href":"https:\/\/www.shackletons.ie\/de\/wp-json\/wp\/v2\/pages"}],"about":[{"href":"https:\/\/www.shackletons.ie\/de\/wp-json\/wp\/v2\/types\/page"}],"author":[{"embeddable":true,"href":"https:\/\/www.shackletons.ie\/de\/wp-json\/wp\/v2\/users\/1"}],"replies":[{"embeddable":true,"href":"https:\/\/www.shackletons.ie\/de\/wp-json\/wp\/v2\/comments?post=3698"}],"version-history":[{"count":8,"href":"https:\/\/www.shackletons.ie\/de\/wp-json\/wp\/v2\/pages\/3698\/revisions"}],"predecessor-version":[{"id":3763,"href":"https:\/\/www.shackletons.ie\/de\/wp-json\/wp\/v2\/pages\/3698\/revisions\/3763"}],"wp:attachment":[{"href":"https:\/\/www.shackletons.ie\/de\/wp-json\/wp\/v2\/media?parent=3698"}],"curies":[{"name":"wp","href":"https:\/\/api.w.org\/{rel}","templated":true}]}}